{"id":6,"date":"2007-04-17T20:36:16","date_gmt":"2007-04-17T18:36:16","guid":{"rendered":"http:\/\/www.foerderverein-der-baeder.de\/?page_id=6"},"modified":"2018-05-27T22:28:49","modified_gmt":"2018-05-27T20:28:49","slug":"ich-helfe-mit","status":"publish","type":"page","link":"https:\/\/www.foerderverein-der-baeder.de\/?page_id=6","title":{"rendered":"Ich helfe mit!!!"},"content":{"rendered":"<p>Es gibt mehrere M\u00f6glichkeiten zu helfen:<\/p>\n<p><strong>Mund-Propaganda - sogar kostenlos<\/strong><br \/>\nErz\u00e4hlen Sie jedem \u00fcber die Arbeit des Vereins und helfen Sie uns andere f\u00fcr die Unterst\u00fctzung des Vereins zu gewinnen.<\/p>\n<p><strong>Finanzielle Unterst\u00fctzung <\/strong><br \/>\nDer F\u00f6rderverein unterh\u00e4lt folgende Bankkonten:<\/p>\n<p>Vereinigte Volksbank\u00a0e. G.<br \/>\nIBAN: DE07 5909 2000 8544 8800 05<\/p>\n<p>Sparkasse Friedrichsthal<br \/>\nIBAN: DE15 5905 0101 0009 8541 75<\/p>\n<p><strong>!!! Werden Sie Mitglied !!! <\/strong><br \/>\nSchon ab EUR 2,50 pro Monat k\u00f6nnen Sie Mitglied im Verein werden (nach oben sind nat\u00fcrlich keine Grenzen gesetzt...)<br \/>\nDrucken Sie sich das\u00a0<a href=\"https:\/\/www.foerderverein-der-baeder.de\/wp-content\/uploads\/2018\/05\/anmeldung.pdf\">Anmeldeformular (PDF)<\/a> aus und schicken es an die Vereinsanschrift oder geben bei einem der Vorstandsmitglieder oder im Schwimmbad ab.<\/p>\n","protected":false},"excerpt":{"rendered":"<p>Es gibt mehrere M\u00f6glichkeiten zu helfen: Mund-Propaganda - sogar kostenlos Erz\u00e4hlen Sie jedem \u00fcber die Arbeit des Vereins und helfen Sie uns andere f\u00fcr die Unterst\u00fctzung des Vereins zu gewinnen. Finanzielle Unterst\u00fctzung Der F\u00f6rderverein unterh\u00e4lt folgende Bankkonten: Vereinigte Volksbank\u00a0e. G. IBAN: DE07 5909 2000 8544 8800 05 Sparkasse Friedrichsthal IBAN: DE15 5905 0101 0009 8541 <a href=\"https:\/\/www.foerderverein-der-baeder.de\/?page_id=6\" class=\"more-link\">...weiterlesen<span class=\"screen-reader-text\"> \"Ich helfe mit!!!\"<\/span><\/a><\/p>\n","protected":false},"author":1,"featured_media":0,"parent":0,"menu_order":0,"comment_status":"closed","ping_status":"open","template":"","meta":{"footnotes":""},"class_list":["post-6","page","type-page","status-publish","h-entry","hentry","h-as-page"],"_links":{"self":[{"href":"https:\/\/www.foerderverein-der-baeder.de\/index.php?rest_route=\/wp\/v2\/pages\/6","targetHints":{"allow":["GET"]}}],"collection":[{"href":"https:\/\/www.foerderverein-der-baeder.de\/index.php?rest_route=\/wp\/v2\/pages"}],"about":[{"href":"https:\/\/www.foerderverein-der-baeder.de\/index.php?rest_route=\/wp\/v2\/types\/page"}],"author":[{"embeddable":true,"href":"https:\/\/www.foerderverein-der-baeder.de\/index.php?rest_route=\/wp\/v2\/users\/1"}],"replies":[{"embeddable":true,"href":"https:\/\/www.foerderverein-der-baeder.de\/index.php?rest_route=%2Fwp%2Fv2%2Fcomments&post=6"}],"version-history":[{"count":7,"href":"https:\/\/www.foerderverein-der-baeder.de\/index.php?rest_route=\/wp\/v2\/pages\/6\/revisions"}],"predecessor-version":[{"id":987,"href":"https:\/\/www.foerderverein-der-baeder.de\/index.php?rest_route=\/wp\/v2\/pages\/6\/revisions\/987"}],"wp:attachment":[{"href":"https:\/\/www.foerderverein-der-baeder.de\/index.php?rest_route=%2Fwp%2Fv2%2Fmedia&parent=6"}],"curies":[{"name":"wp","href":"https:\/\/api.w.org\/{rel}","templated":true}]}}