{"id":4,"date":"2007-04-17T20:30:40","date_gmt":"2007-04-17T18:30:40","guid":{"rendered":"http:\/\/www.foerderverein-der-baeder.de\/?page_id=4"},"modified":"2019-03-13T00:35:05","modified_gmt":"2019-03-12T22:35:05","slug":"die-geschichte-des-forderverein","status":"publish","type":"page","link":"https:\/\/www.foerderverein-der-baeder.de\/?page_id=4","title":{"rendered":"Geschichte des F\u00f6rderverein"},"content":{"rendered":"<p>Der Verein wurde am <strong>6. Juli 1995<\/strong> gegr\u00fcndet. Ziel des Vereines ist die Unterst\u00fctzung der Stadt Friedrichsthal bei der Sanierung des Frei- und Hallenbades.<\/p>\n<p>Hervorgegangen ist der Verein aus der <strong>B\u00fcrgerinitiative \u201eRettet das Freibad Friedrichsthal\u201c<\/strong>. Diese wurde ins Leben gerufen, als vom Stadtrat 1993 der Beschlu\u00df zur Schlie\u00dfung des Freibades gefasst wurde. Die Schlie\u00dfung wurde notwendig, da unser Freibad nicht mehr den gesetzlichen Anforderungen entsprach und nur eine Komplettsanierung einen Weiterbetrieb erm\u00f6glichte. Dazu sah man in den Gremien keine M\u00f6glichkeit.<\/p>\n<p>Die B\u00fcrgerinitiative sammelte die <strong>Unterschriften von \u00fcber 3600 B\u00fcrgern<\/strong>, die sich f\u00fcr den Erhalt des Freibades aussprachen. Dies f\u00fchrte dazu, dass die Gremien die Beratung \u00fcber eine Sanierung nochmals aufgriffen und schlie\u00dflich doch eine M\u00f6glichkeit gefunden wurde, die Schlie\u00dfung des Bades zu verhindern.<\/p>\n<p>Aufgrund der schwierigen finanziellen Situation der Stadt, musste die Sanierung so ressourcensparend wie m\u00f6glich durchgef\u00fchrt werden. Hierzu wurden verschiedene Mittel eingesetzt. Zun\u00e4chst wurde die Renovierung auf mehrere Jahre verteilt. Im ersten Bauabschnitt (1995\/96) wurden die Becken erneutet, wobei aus Kostengr\u00fcnden die neuen Becken in das alte Becken eingesetzt wurden. Ein Jahr sp\u00e4ter erfolgte dann der Einbau der 50m-Wasserrutsche, die komplett vom F\u00f6rderverein finanziert wurde. Parallel dazu baute der Schwimmverein Friedrichsthal sein Clubhaus, welches im Sommer zur Bewirtschaftung des Freibades dient. 1998\/99 wurde schlie\u00dflich die Technik erneuert und eine Sonnenterasse errichtet. Ebenso wurden Warmduschen und beheizbare Umkleiden eingerichtet. Vor der Badesaison 2000 erfolgte der Bau eines Springerbeckens, welches komplett von einer Friedrichsthaler Unternehmerfamilie gespendet wurde. Im Laufe dieser Jahre wurden auch noch einige \u201ekleinere\u201c Ma\u00dfnahmen durchgef\u00fchrt, so entstand ein Kinderspielplatz, eine Boule-Bahn und es wurde eine Tischtennisplatte aufgestellt.<br \/>\nBemerkenswert ist die Tatsache, dass die Umbauma\u00dfnahmen so geplant und durchgef\u00fchrt wurden, dass das Freibad in den Sommermonaten immer ge\u00f6ffnet werden konnte.<\/p>\n<p>Nun hat man sich der Verbesserung und der Erhaltung des <strong>Hallenbades<\/strong> verschrieben. Auch hier konnten bereits durch Einbau einer Unterwasser-Massage-Station mit Nackenschwalldusche, eines Kleinkinder-Planschbeckens, einer Dampfsauna, sowie einem Bereich mit finnischer Sauna, beachtliche Investitionen durch den F\u00f6rderverein get\u00e4tigt werden. Des Weiteren wurden auch Investitionen in die Technik bezuschusst (z. B. beim Blockheizkraftwerk). Auch springt der F\u00f6rderverein immer wieder bei Reparaturen ein und unterst\u00fctzt dabei den B\u00e4derbetrieb.<\/p>\n<p>Der F\u00f6rderverein entwickelte sich mittlerweile zu einer festen Gr\u00f6\u00dfe in unserer Stadt, z\u00e4hlt heute rund 200 Mitglieder und hat in seiner nun \u00fcber 24-j\u00e4hrigen Geschichte <strong>Geld- und Sachspenden im Wert von rund EUR 900.000,- gesammelt<\/strong>. Der Verein f\u00fchrt j\u00e4hrlich mehrere Veranstaltungen durch (Fackellauf, Kinderspielnachmittage) und ist auch sonst pr\u00e4sent (z. B. Faschingsumzug)<\/p>\n<p><em>(Stand: 2019)<\/em><\/p>\n","protected":false},"excerpt":{"rendered":"<p>Der Verein wurde am 6. Juli 1995 gegr\u00fcndet. Ziel des Vereines ist die Unterst\u00fctzung der Stadt Friedrichsthal bei der Sanierung des Frei- und Hallenbades. Hervorgegangen ist der Verein aus der B\u00fcrgerinitiative \u201eRettet das Freibad Friedrichsthal\u201c. Diese wurde ins Leben gerufen, als vom Stadtrat 1993 der Beschlu\u00df zur Schlie\u00dfung des Freibades gefasst wurde. Die Schlie\u00dfung wurde <a href=\"https:\/\/www.foerderverein-der-baeder.de\/?page_id=4\" class=\"more-link\">...weiterlesen<span class=\"screen-reader-text\"> \"Geschichte des F\u00f6rderverein\"<\/span><\/a><\/p>\n","protected":false},"author":1,"featured_media":0,"parent":0,"menu_order":0,"comment_status":"closed","ping_status":"open","template":"","meta":{"footnotes":""},"class_list":["post-4","page","type-page","status-publish","h-entry","hentry","h-as-page"],"_links":{"self":[{"href":"https:\/\/www.foerderverein-der-baeder.de\/index.php?rest_route=\/wp\/v2\/pages\/4","targetHints":{"allow":["GET"]}}],"collection":[{"href":"https:\/\/www.foerderverein-der-baeder.de\/index.php?rest_route=\/wp\/v2\/pages"}],"about":[{"href":"https:\/\/www.foerderverein-der-baeder.de\/index.php?rest_route=\/wp\/v2\/types\/page"}],"author":[{"embeddable":true,"href":"https:\/\/www.foerderverein-der-baeder.de\/index.php?rest_route=\/wp\/v2\/users\/1"}],"replies":[{"embeddable":true,"href":"https:\/\/www.foerderverein-der-baeder.de\/index.php?rest_route=%2Fwp%2Fv2%2Fcomments&post=4"}],"version-history":[{"count":4,"href":"https:\/\/www.foerderverein-der-baeder.de\/index.php?rest_route=\/wp\/v2\/pages\/4\/revisions"}],"predecessor-version":[{"id":1101,"href":"https:\/\/www.foerderverein-der-baeder.de\/index.php?rest_route=\/wp\/v2\/pages\/4\/revisions\/1101"}],"wp:attachment":[{"href":"https:\/\/www.foerderverein-der-baeder.de\/index.php?rest_route=%2Fwp%2Fv2%2Fmedia&parent=4"}],"curies":[{"name":"wp","href":"https:\/\/api.w.org\/{rel}","templated":true}]}}